{"id":778,"date":"2021-11-16T15:57:14","date_gmt":"2021-11-16T15:57:14","guid":{"rendered":"https:\/\/derichebourgbelgium.be\/deconstruction-et-demolition-industrielle\/"},"modified":"2022-08-02T12:29:53","modified_gmt":"2022-08-02T12:29:53","slug":"industriele-afbraak","status":"publish","type":"page","link":"https:\/\/derichebourgbelgium.be\/nl\/bedrijven\/industriele-afbraak\/","title":{"rendered":"Industri\u00eble afbraak"},"content":{"rendered":"<section class=\"l-section wpb_row pageheader height_small\"><div class=\"l-section-h i-cf\"><div class=\"g-cols vc_row via_flex valign_bottom type_default stacking_default\"><div class=\"vc_col-sm-7 wpb_column vc_column_container\"><div class=\"vc_column-inner\"><div class=\"wpb_wrapper\"><div class=\"wpb_text_column\"><div class=\"wpb_wrapper\"><h1>INDUSTRI\u00cbLE AFBRAAK<\/h1>\n<\/div><\/div><\/div><\/div><\/div><div class=\"vc_col-sm-5 wpb_column vc_column_container\"><div class=\"vc_column-inner\"><div class=\"wpb_wrapper\"><\/div><\/div><\/div><\/div><\/div><\/section><section class=\"l-section wpb_row height_medium with_img\"><div class=\"l-section-img\" role=\"img\" aria-label=\"Afbeelding\" data-img-width=\"927\" data-img-height=\"1085\" style=\"background-image: url(https:\/\/derichebourgbelgium.be\/wp-content\/uploads\/2021\/10\/Plaquette-Ferrailles-2013-24.png);background-repeat: no-repeat;\"><\/div><div class=\"l-section-h i-cf\"><div class=\"g-cols vc_row via_flex valign_top type_boxes stacking_default\"><div class=\"vc_col-sm-5 wpb_column vc_column_container\"><div class=\"vc_column-inner\"><div class=\"vc_column-overlay\" style=\"background:rgba(255,255,255,0.95)\"><\/div><div class=\"wpb_wrapper\"><div class=\"wpb_text_column\"><div class=\"wpb_wrapper\"><p>Afbraakwerken in gevaarlijke, moeilijk bereikbare omgevingen, op hoogte of onder de grond,\u00a0&#8230; Derichebourg Belgium stelt zijn knowhow ter beschikking van zijn industri\u00eble en professionele klanten voor de afbraak van onder andere industri\u00eble installaties.<\/p>\n<\/div><\/div><div class=\"w-btn-wrapper align_none\"><a class=\"w-btn us-btn-style_1\" title=\"Contact\" href=\"https:\/\/derichebourgbelgium.be\/nl\/contact\/\"><span class=\"w-btn-label\">Contacteer ons<\/span><\/a><\/div><\/div><\/div><\/div><div class=\"vc_col-sm-7 wpb_column vc_column_container\"><div class=\"vc_column-inner\"><div class=\"wpb_wrapper\"><\/div><\/div><\/div><\/div><\/div><\/section><section class=\"l-section wpb_row height_auto\"><div class=\"l-section-h i-cf\"><div class=\"g-cols vc_row via_flex valign_middle type_boxes stacking_default\"><div class=\"vc_col-sm-5 wpb_column vc_column_container\"><div class=\"vc_column-inner\"><div class=\"wpb_wrapper\"><div class=\"w-image us_custom_8d5aa4e2 align_none\"><a title=\"Onze locaties\" href=\"https:\/\/derichebourgbelgium.be\/nl\/onze-locaties\/\" aria-label=\"Screenshot 2022-04-06 at 11.41.22\" class=\"w-image-h\"><img decoding=\"async\" width=\"1024\" height=\"803\" src=\"https:\/\/derichebourgbelgium.be\/wp-content\/uploads\/2022\/04\/Screenshot-2022-04-06-at-11.41.22-1024x803.png\" class=\"attachment-large size-large\" alt=\"\" loading=\"lazy\" srcset=\"https:\/\/derichebourgbelgium.be\/wp-content\/uploads\/2022\/04\/Screenshot-2022-04-06-at-11.41.22-1024x803.png 1024w, https:\/\/derichebourgbelgium.be\/wp-content\/uploads\/2022\/04\/Screenshot-2022-04-06-at-11.41.22-300x235.png 300w, https:\/\/derichebourgbelgium.be\/wp-content\/uploads\/2022\/04\/Screenshot-2022-04-06-at-11.41.22.png 1492w\" sizes=\"auto, (max-width: 1024px) 100vw, 1024px\" \/><\/a><\/div><div class=\"wpb_text_column us_custom_0b2cc9cf has_text_color\"><div class=\"wpb_wrapper\"><h3>Vind de locatie<br \/>\nhet dichtst bij u<\/h3>\n<\/div><\/div><div class=\"w-btn-wrapper align_none\"><a class=\"w-btn us-btn-style_1\" title=\"Nos sites\" href=\"https:\/\/derichebourgbelgium.be\/nos-sites\/\"><span class=\"w-btn-label\">Ontdek onze locaties<\/span><\/a><\/div><\/div><\/div><\/div><div class=\"vc_col-sm-7 wpb_column vc_column_container\"><div class=\"vc_column-inner\"><div class=\"vc_column-overlay\" style=\"background:#DA3732\"><\/div><div class=\"wpb_wrapper\"><div class=\"wpb_text_column us_custom_492179a4\"><div class=\"wpb_wrapper\"><h4>Industri\u00eble afbraak<\/h4>\n<\/div><\/div><div class=\"wpb_text_column us_custom_6df4bc3a has_text_color\"><div class=\"wpb_wrapper\"><p>Derichebourg is een belangrijke speler in industri\u00eble afbraak. We werken samen met gespecialiseerde partners en bieden onze klanten de volgende diensten:<\/p>\n<ul>\n<li>industri\u00eble afbraak;<\/li>\n<li>scheiding en sortering van ferro- en non-ferrometalen;<\/li>\n<li>administratieve en juridische opvolging (rapportering, traceerbaarheid enz.).<\/li>\n<\/ul>\n<\/div><\/div><\/div><\/div><\/div><\/div><\/div><\/section><section class=\"l-section wpb_row bgimg2 height_medium\"><div class=\"l-section-h i-cf\"><div class=\"g-cols vc_row via_flex valign_top type_default stacking_default\"><div class=\"vc_col-sm-12 wpb_column vc_column_container\"><div class=\"vc_column-inner\"><div class=\"wpb_wrapper\"><\/div><\/div><\/div><\/div><\/div><\/section><section class=\"l-section wpb_row height_auto\"><div class=\"l-section-h i-cf\"><div class=\"g-cols vc_row via_flex valign_top type_boxes reversed stacking_default\"><div class=\"vc_col-sm-7 wpb_column vc_column_container\"><div class=\"vc_column-inner\"><div class=\"vc_column-overlay\" style=\"background:#E5E5E5\"><\/div><div class=\"wpb_wrapper\"><div class=\"wpb_text_column\"><div class=\"wpb_wrapper\"><h3>Derichebourg Belgium: uw partner voor industri\u00eble afbraak<\/h3>\n<\/div><\/div><div class=\"wpb_text_column\"><div class=\"wpb_wrapper\"><p>Doordat Derichebourg samenwerkt met gespecialiseerde partners bent u zeker van een service van hoge kwaliteit, professionele tips, deskundig advies en de hulp van een expert in industri\u00eble afbraakwerken.<\/p>\n<p>Contacteer ons voor een grondige analyse van uw industri\u00eble afbraakproject.<\/p>\n<\/div><\/div><\/div><\/div><\/div><div class=\"vc_col-sm-5 wpb_column vc_column_container bgmobile has_bg_color\"><div class=\"vc_column-inner us_custom_ae782687\"><div class=\"wpb_wrapper\"><\/div><\/div><\/div><\/div><\/div><\/section><section class=\"l-section wpb_row height_large\"><div class=\"l-section-h i-cf\"><div class=\"g-cols vc_row via_flex valign_top type_default stacking_default\"><div class=\"vc_col-sm-12 wpb_column vc_column_container\"><div class=\"vc_column-inner\"><div class=\"wpb_wrapper\"><div class=\"wpb_text_column us_custom_0b2cc9cf has_text_color\"><div class=\"wpb_wrapper\"><h2>Contacteer ons<\/h2>\n<\/div><\/div><div class=\"w-btn-wrapper align_none\"><a class=\"w-btn us-btn-style_1\" title=\"Contact\" href=\"https:\/\/derichebourgbelgium.be\/nl\/contact\/\"><span class=\"w-btn-label\">Contacteer ons<\/span><\/a><\/div><\/div><\/div><\/div><\/div><\/div><\/section>\n","protected":false},"excerpt":{"rendered":"INDUSTRI\u00cbLE AFBRAAK Afbraakwerken in gevaarlijke, moeilijk bereikbare omgevingen, op hoogte of onder de grond,\u00a0&#8230; Derichebourg Belgium stelt zijn knowhow ter beschikking van zijn industri\u00eble en professionele klanten voor de afbraak van onder andere industri\u00eble installaties. Contacteer onsVind de locatie het dichtst bij u Ontdek onze locatiesIndustri\u00eble afbraak Derichebourg is een belangrijke speler in industri\u00eble afbraak....","protected":false},"author":1,"featured_media":0,"parent":739,"menu_order":3,"comment_status":"closed","ping_status":"closed","template":"","meta":{"_acf_changed":false,"footnotes":""},"class_list":["post-778","page","type-page","status-publish","hentry"],"acf":[],"yoast_head":"<!-- This site is optimized with the Yoast SEO plugin v26.3 - https:\/\/yoast.com\/wordpress\/plugins\/seo\/ -->\n<title>Industri\u00eble deconstructie en afbraak | Derichebourg Belgium<\/title>\n<meta name=\"description\" content=\"Doe een beroep op Derichebourg Belgium voor alle industri\u00eble sloopwerken en afbraak. Contacteer ons nu bij onze website!\" \/>\n<meta name=\"robots\" content=\"index, follow, max-snippet:-1, max-image-preview:large, max-video-preview:-1\" \/>\n<link rel=\"canonical\" href=\"https:\/\/derichebourgbelgium.be\/nl\/bedrijven\/industriele-afbraak\/\" \/>\n<meta property=\"og:locale\" content=\"nl_BE\" \/>\n<meta property=\"og:type\" content=\"article\" \/>\n<meta property=\"og:title\" content=\"Industri\u00eble deconstructie en afbraak | Derichebourg Belgium\" \/>\n<meta property=\"og:description\" content=\"Doe een beroep op Derichebourg Belgium voor alle industri\u00eble sloopwerken en afbraak. Contacteer ons nu bij onze website!\" \/>\n<meta property=\"og:url\" content=\"https:\/\/derichebourgbelgium.be\/nl\/bedrijven\/industriele-afbraak\/\" \/>\n<meta property=\"og:site_name\" content=\"Derichebourg\" \/>\n<meta property=\"article:modified_time\" content=\"2022-08-02T12:29:53+00:00\" \/>\n<meta name=\"twitter:card\" content=\"summary_large_image\" \/>\n<meta name=\"twitter:label1\" content=\"Geschatte leestijd\" \/>\n\t<meta name=\"twitter:data1\" content=\"1 minuut\" \/>\n<script type=\"application\/ld+json\" class=\"yoast-schema-graph\">{\"@context\":\"https:\/\/schema.org\",\"@graph\":[{\"@type\":\"WebPage\",\"@id\":\"https:\/\/derichebourgbelgium.be\/nl\/bedrijven\/industriele-afbraak\/\",\"url\":\"https:\/\/derichebourgbelgium.be\/nl\/bedrijven\/industriele-afbraak\/\",\"name\":\"Industri\u00eble deconstructie en afbraak | Derichebourg Belgium\",\"isPartOf\":{\"@id\":\"https:\/\/derichebourgbelgium.be\/nl\/#website\"},\"datePublished\":\"2021-11-16T15:57:14+00:00\",\"dateModified\":\"2022-08-02T12:29:53+00:00\",\"description\":\"Doe een beroep op Derichebourg Belgium voor alle industri\u00eble sloopwerken en afbraak. Contacteer ons nu bij onze website!\",\"breadcrumb\":{\"@id\":\"https:\/\/derichebourgbelgium.be\/nl\/bedrijven\/industriele-afbraak\/#breadcrumb\"},\"inLanguage\":\"nl-BE\",\"potentialAction\":[{\"@type\":\"ReadAction\",\"target\":[\"https:\/\/derichebourgbelgium.be\/nl\/bedrijven\/industriele-afbraak\/\"]}]},{\"@type\":\"BreadcrumbList\",\"@id\":\"https:\/\/derichebourgbelgium.be\/nl\/bedrijven\/industriele-afbraak\/#breadcrumb\",\"itemListElement\":[{\"@type\":\"ListItem\",\"position\":1,\"name\":\"Home\",\"item\":\"https:\/\/derichebourgbelgium.be\/nl\/\"},{\"@type\":\"ListItem\",\"position\":2,\"name\":\"Bedrijven\",\"item\":\"https:\/\/derichebourgbelgium.be\/nl\/bedrijven\/\"},{\"@type\":\"ListItem\",\"position\":3,\"name\":\"Industri\u00eble afbraak\"}]},{\"@type\":\"WebSite\",\"@id\":\"https:\/\/derichebourgbelgium.be\/nl\/#website\",\"url\":\"https:\/\/derichebourgbelgium.be\/nl\/\",\"name\":\"Derichebourg\",\"description\":\"\",\"potentialAction\":[{\"@type\":\"SearchAction\",\"target\":{\"@type\":\"EntryPoint\",\"urlTemplate\":\"https:\/\/derichebourgbelgium.be\/nl\/?s={search_term_string}\"},\"query-input\":{\"@type\":\"PropertyValueSpecification\",\"valueRequired\":true,\"valueName\":\"search_term_string\"}}],\"inLanguage\":\"nl-BE\"}]}<\/script>\n<!-- \/ Yoast SEO plugin. -->","yoast_head_json":{"title":"Industri\u00eble deconstructie en afbraak | Derichebourg Belgium","description":"Doe een beroep op Derichebourg Belgium voor alle industri\u00eble sloopwerken en afbraak. Contacteer ons nu bij onze website!","robots":{"index":"index","follow":"follow","max-snippet":"max-snippet:-1","max-image-preview":"max-image-preview:large","max-video-preview":"max-video-preview:-1"},"canonical":"https:\/\/derichebourgbelgium.be\/nl\/bedrijven\/industriele-afbraak\/","og_locale":"nl_BE","og_type":"article","og_title":"Industri\u00eble deconstructie en afbraak | Derichebourg Belgium","og_description":"Doe een beroep op Derichebourg Belgium voor alle industri\u00eble sloopwerken en afbraak. Contacteer ons nu bij onze website!","og_url":"https:\/\/derichebourgbelgium.be\/nl\/bedrijven\/industriele-afbraak\/","og_site_name":"Derichebourg","article_modified_time":"2022-08-02T12:29:53+00:00","twitter_card":"summary_large_image","twitter_misc":{"Geschatte leestijd":"1 minuut"},"schema":{"@context":"https:\/\/schema.org","@graph":[{"@type":"WebPage","@id":"https:\/\/derichebourgbelgium.be\/nl\/bedrijven\/industriele-afbraak\/","url":"https:\/\/derichebourgbelgium.be\/nl\/bedrijven\/industriele-afbraak\/","name":"Industri\u00eble deconstructie en afbraak | Derichebourg Belgium","isPartOf":{"@id":"https:\/\/derichebourgbelgium.be\/nl\/#website"},"datePublished":"2021-11-16T15:57:14+00:00","dateModified":"2022-08-02T12:29:53+00:00","description":"Doe een beroep op Derichebourg Belgium voor alle industri\u00eble sloopwerken en afbraak. Contacteer ons nu bij onze website!","breadcrumb":{"@id":"https:\/\/derichebourgbelgium.be\/nl\/bedrijven\/industriele-afbraak\/#breadcrumb"},"inLanguage":"nl-BE","potentialAction":[{"@type":"ReadAction","target":["https:\/\/derichebourgbelgium.be\/nl\/bedrijven\/industriele-afbraak\/"]}]},{"@type":"BreadcrumbList","@id":"https:\/\/derichebourgbelgium.be\/nl\/bedrijven\/industriele-afbraak\/#breadcrumb","itemListElement":[{"@type":"ListItem","position":1,"name":"Home","item":"https:\/\/derichebourgbelgium.be\/nl\/"},{"@type":"ListItem","position":2,"name":"Bedrijven","item":"https:\/\/derichebourgbelgium.be\/nl\/bedrijven\/"},{"@type":"ListItem","position":3,"name":"Industri\u00eble afbraak"}]},{"@type":"WebSite","@id":"https:\/\/derichebourgbelgium.be\/nl\/#website","url":"https:\/\/derichebourgbelgium.be\/nl\/","name":"Derichebourg","description":"","potentialAction":[{"@type":"SearchAction","target":{"@type":"EntryPoint","urlTemplate":"https:\/\/derichebourgbelgium.be\/nl\/?s={search_term_string}"},"query-input":{"@type":"PropertyValueSpecification","valueRequired":true,"valueName":"search_term_string"}}],"inLanguage":"nl-BE"}]}},"_links":{"self":[{"href":"https:\/\/derichebourgbelgium.be\/nl\/wp-json\/wp\/v2\/pages\/778","targetHints":{"allow":["GET"]}}],"collection":[{"href":"https:\/\/derichebourgbelgium.be\/nl\/wp-json\/wp\/v2\/pages"}],"about":[{"href":"https:\/\/derichebourgbelgium.be\/nl\/wp-json\/wp\/v2\/types\/page"}],"author":[{"embeddable":true,"href":"https:\/\/derichebourgbelgium.be\/nl\/wp-json\/wp\/v2\/users\/1"}],"replies":[{"embeddable":true,"href":"https:\/\/derichebourgbelgium.be\/nl\/wp-json\/wp\/v2\/comments?post=778"}],"version-history":[{"count":4,"href":"https:\/\/derichebourgbelgium.be\/nl\/wp-json\/wp\/v2\/pages\/778\/revisions"}],"predecessor-version":[{"id":1016,"href":"https:\/\/derichebourgbelgium.be\/nl\/wp-json\/wp\/v2\/pages\/778\/revisions\/1016"}],"up":[{"embeddable":true,"href":"https:\/\/derichebourgbelgium.be\/nl\/wp-json\/wp\/v2\/pages\/739"}],"wp:attachment":[{"href":"https:\/\/derichebourgbelgium.be\/nl\/wp-json\/wp\/v2\/media?parent=778"}],"curies":[{"name":"wp","href":"https:\/\/api.w.org\/{rel}","templated":true}]}}